{"id":223,"date":"2025-04-20T14:40:03","date_gmt":"2025-04-20T13:40:03","guid":{"rendered":"https:\/\/voliainaenquadernacio.cat\/?page_id=223"},"modified":"2025-05-30T19:05:52","modified_gmt":"2025-05-30T18:05:52","slug":"enviaments_devolucions","status":"publish","type":"page","link":"https:\/\/voliainaenquadernacio.cat\/es\/enviaments_devolucions\/","title":{"rendered":"Pol\u00edtica de env\u00edos y devoluciones"},"content":{"rendered":"<div data-elementor-type=\"wp-page\" data-elementor-id=\"223\" class=\"elementor elementor-223\" data-elementor-post-type=\"page\">\n\t\t\t\t<div class=\"elementor-element elementor-element-2ea38773 e-flex e-con-boxed e-con e-parent\" data-id=\"2ea38773\" data-element_type=\"container\" data-e-type=\"container\">\n\t\t\t\t\t<div class=\"e-con-inner\">\n\t\t\t\t<div class=\"elementor-element elementor-element-7f3d47fa elementor-widget elementor-widget-text-editor\" data-id=\"7f3d47fa\" data-element_type=\"widget\" data-e-type=\"widget\" data-widget_type=\"text-editor.default\">\n\t\t\t\t<div class=\"elementor-widget-container\">\n\t\t\t\t\t\t\t\t\t\n<p><strong>Enviaments i condicions<\/strong><\/p>\n<ul>\n<li style=\"font-weight: 400;\" aria-level=\"1\"><span style=\"font-weight: 400;\">Els enviaments es fan a la Pen\u00ednsula. Si ets d&#8217;una zona fora del meu \u00e0mbit de venda i vols realitzar alguna comanda, contacta amb mi a trav\u00e9s del formulari de contacte i intentarem buscar la manera.\u00a0<\/span><\/li>\n<li style=\"font-weight: 400;\" aria-level=\"1\"><span style=\"font-weight: 400;\">Enviaments gratu\u00efts a partir de 90\u20ac<\/span><\/li>\n<li style=\"font-weight: 400;\" aria-level=\"1\"><span style=\"font-weight: 400;\">Enviaments a trav\u00e9s de Correus: Entrega entre 2 i 6 dies laborables, despr\u00e9s de fer la teva comanda. Recollida a la botiga entre 2 i 10 dies (em posar\u00e9 en contacte amb tu quan tinguis el teu paquet a punt per recollir). Recollida a la Cellera de Ter, caldr\u00e0 concertar dia i hora enviant un mail a voliaina.enquadernacio@gmail.com<\/span><\/li>\n<li style=\"font-weight: 400;\" aria-level=\"1\"><span style=\"font-weight: 400;\">Els terminis d&#8217;enviament es poden veure alterats per festes locals, nacionals o per \u00e8poca de Nadal o fires.\u00a0<\/span><\/li>\n<li style=\"font-weight: 400;\" aria-level=\"1\"><span style=\"font-weight: 400;\">\u00c9s important que l\u2019adre\u00e7a d\u2019enviament sigui una adre\u00e7a on poder entregar el paquet dins l\u2019horari habitual. Al ser enviament certificat t&#8217;has de trobar a casa en el moment de rebre la comanda. En cas contrari et deixaran una notificaci\u00f3. En cas de no poder-te entregar el paquet i s\u2019efectui la devoluci\u00f3, s\u2019haur\u00e0 de reenviar el paquet de nou. En aquest cas, el cost addicional d\u2019aquests enviament anir\u00e0 a c\u00e0rrec del client.<\/span><\/li>\n<li style=\"font-weight: 400;\" aria-level=\"1\"><span style=\"font-weight: 400;\">Un cop feta la comanda, rebr\u00e0s el n\u00famero de seguiment per poder saber la ubicaci\u00f3 del paquet en tot moment.<\/span><\/li>\n<li style=\"font-weight: 400;\" aria-level=\"1\"><span style=\"font-weight: 400;\">Tres opcions d\u2019entrega: Enviament a la Pen\u00ednsula 6\u20ac \/ Recollida a la botiga (Glauc \u00c0nima Artesana: C\/Sant Esteve 3, Olot) gratu\u00eft \/ Recollida a la Cellera de Ter gratu\u00eft.<\/span><\/li>\n<li style=\"font-weight: 400;\" aria-level=\"1\"><span style=\"font-weight: 400;\">Voliaina no es far\u00e0 responsable pels errors causats durant l&#8217;entrega quan l\u2019adre\u00e7a indicada introdu\u00efda pel client no s\u2019ajusti a la realitat o per algun possible error en la introducci\u00f3 de les dades per part del client.<\/span><\/li>\n<li style=\"font-weight: 400;\" aria-level=\"1\"><span style=\"font-weight: 400;\">Les fotos dels colors de les teles poden variar una mica de la realitat a causa de la il\u00b7luminaci\u00f3 i el contrast de les pantalles. Voliaina no es fa responsable d\u2019aquestes possibles variacions de color.\u00a0<\/span><\/li>\n<li style=\"font-weight: 400;\" aria-level=\"1\"><span style=\"font-weight: 400;\">Quan rebeu el vostre paquet \u00e9s molt important que l\u2019embalatge i el producte estiguin en perfecte estat. Si comproveu qualsevol incid\u00e8ncia, ho heu de comunicar en un termini m\u00e0xim de 24 hores despr\u00e9s de la recepci\u00f3. En cas contrari,\u00a0 Voliaina no es fa responsable dels danys ocasionats.<\/span><\/li>\n<\/ul>\n<p>\u00a0<\/p>\n<p><strong>Devolucions\u00a0<\/strong><\/p>\n<ul>\n<li style=\"font-weight: 400;\" aria-level=\"1\"><span style=\"font-weight: 400;\">Disposes de 14 dies naturals des de la recepci\u00f3 de la teva comanda per fer qualsevol canvi o devoluci\u00f3.\u00a0<\/span><\/li>\n<li style=\"font-weight: 400;\" aria-level=\"1\"><span style=\"font-weight: 400;\">Per a canvis i devolucions cal que em facis arribar el producte amb el seu embalatge original i en perfecte estat en aquesta adre\u00e7a.<\/span><\/li>\n<li style=\"font-weight: 400;\" aria-level=\"1\"><span style=\"font-weight: 400;\">En cas de voler fer un canvi o devoluci\u00f3 cal que et posis en contacte a <\/span><a href=\"mailto:voliaina.enquadernacio@gmail.com\"><span style=\"font-weight: 400;\">voliaina.enquadernacio@gmail.com<\/span><\/a><span style=\"font-weight: 400;\"> indicant el n\u00famero de comanda, les teves dades i adjuntant una fotografia del producte\/es que vols canviar o retornar. Un cop ho rebi, et far\u00e9 arribar les dades per poder fer l\u2019enviament.<\/span><\/li>\n<li style=\"font-weight: 400;\" aria-level=\"1\"><span style=\"font-weight: 400;\">La devoluci\u00f3 s\u2019ha de fer a trav\u00e9s de correu certificat o algun altre sistema amb registre d\u2019entrega. Els costos de l\u2019enviament van a c\u00e0rrec del comprador. Un cop rebut el paquet i comprovat el seu estat et retornar\u00e9 els diners del producte (no el cost de l\u2019enviament) a trav\u00e9s del mateix sistema de pagament amb la que es va fer la compra.\u00a0<\/span><\/li>\n<li style=\"font-weight: 400;\" aria-level=\"1\"><span style=\"font-weight: 400;\">Si el producte que vols canviar \u00e9s d\u2019un import major del que es retorna, caldr\u00e0 abonar la difer\u00e8ncia. De la mateixa manera, si\u00a0 el canvi \u00e9s per un import menor, jo t\u2019abonar\u00e9 la difer\u00e8ncia a trav\u00e9s del mateix sistema de pagament.\u00a0<\/span><\/li>\n<li style=\"font-weight: 400;\" aria-level=\"1\"><span style=\"font-weight: 400;\">Els productes fets a mida i personalitzats, no es podran reotornar.\u00a0<\/span><\/li>\n<\/ul>\n<p>\u00a0<\/p>\n\t\t\t\t\t\t\t\t<\/div>\n\t\t\t\t<\/div>\n\t\t\t\t\t<\/div>\n\t\t\t\t<\/div>\n\t\t\t\t<\/div>","protected":false},"excerpt":{"rendered":"<p>Enviaments i condicions Els enviaments es fan a la Pen\u00ednsula. Si ets d&#8217;una zona fora del meu \u00e0mbit de venda i vols realitzar alguna comanda, contacta amb mi a trav\u00e9s del formulari de contacte i intentarem buscar la manera.\u00a0 Enviaments gratu\u00efts a partir de 90\u20ac Enviaments a trav\u00e9s de Correus: Entrega entre 2 i 6 [&hellip;]<\/p>\n","protected":false},"author":1,"featured_media":0,"parent":0,"menu_order":0,"comment_status":"closed","ping_status":"closed","template":"","meta":{"footnotes":""},"class_list":["post-223","page","type-page","status-publish","hentry"],"yoast_head":"<!-- This site is optimized with the Yoast SEO plugin v27.3 - https:\/\/yoast.com\/product\/yoast-seo-wordpress\/ -->\n<title>Pol\u00edtica d&#039;enviaments i devolucions -<\/title>\n<meta name=\"robots\" content=\"index, follow, max-snippet:-1, max-image-preview:large, max-video-preview:-1\" \/>\n<link rel=\"canonical\" href=\"https:\/\/voliainaenquadernacio.cat\/es\/enviaments_devolucions\/\" \/>\n<meta property=\"og:locale\" content=\"es_ES\" \/>\n<meta property=\"og:type\" content=\"article\" \/>\n<meta property=\"og:title\" content=\"Pol\u00edtica d&#039;enviaments i devolucions -\" \/>\n<meta property=\"og:description\" content=\"Enviaments i condicions Els enviaments es fan a la Pen\u00ednsula. Si ets d&#8217;una zona fora del meu \u00e0mbit de venda i vols realitzar alguna comanda, contacta amb mi a trav\u00e9s del formulari de contacte i intentarem buscar la manera.\u00a0 Enviaments gratu\u00efts a partir de 90\u20ac Enviaments a trav\u00e9s de Correus: Entrega entre 2 i 6 [&hellip;]\" \/>\n<meta property=\"og:url\" content=\"https:\/\/voliainaenquadernacio.cat\/es\/enviaments_devolucions\/\" \/>\n<meta property=\"article:modified_time\" content=\"2025-05-30T18:05:52+00:00\" \/>\n<meta name=\"twitter:card\" content=\"summary_large_image\" \/>\n<meta name=\"twitter:label1\" content=\"Tiempo de lectura\" \/>\n\t<meta name=\"twitter:data1\" content=\"3 minutos\" \/>\n<script type=\"application\/ld+json\" class=\"yoast-schema-graph\">{\"@context\":\"https:\\\/\\\/schema.org\",\"@graph\":[{\"@type\":\"WebPage\",\"@id\":\"https:\\\/\\\/voliainaenquadernacio.cat\\\/enviaments_devolucions\\\/\",\"url\":\"https:\\\/\\\/voliainaenquadernacio.cat\\\/enviaments_devolucions\\\/\",\"name\":\"Pol\u00edtica d'enviaments i devolucions -\",\"isPartOf\":{\"@id\":\"https:\\\/\\\/voliainaenquadernacio.cat\\\/#website\"},\"datePublished\":\"2025-04-20T13:40:03+00:00\",\"dateModified\":\"2025-05-30T18:05:52+00:00\",\"breadcrumb\":{\"@id\":\"https:\\\/\\\/voliainaenquadernacio.cat\\\/enviaments_devolucions\\\/#breadcrumb\"},\"inLanguage\":\"es\",\"potentialAction\":[{\"@type\":\"ReadAction\",\"target\":[\"https:\\\/\\\/voliainaenquadernacio.cat\\\/enviaments_devolucions\\\/\"]}]},{\"@type\":\"BreadcrumbList\",\"@id\":\"https:\\\/\\\/voliainaenquadernacio.cat\\\/enviaments_devolucions\\\/#breadcrumb\",\"itemListElement\":[{\"@type\":\"ListItem\",\"position\":1,\"name\":\"Home\",\"item\":\"https:\\\/\\\/voliainaenquadernacio.cat\\\/\"},{\"@type\":\"ListItem\",\"position\":2,\"name\":\"Pol\u00edtica d&#8217;enviaments i devolucions\"}]},{\"@type\":\"WebSite\",\"@id\":\"https:\\\/\\\/voliainaenquadernacio.cat\\\/#website\",\"url\":\"https:\\\/\\\/voliainaenquadernacio.cat\\\/\",\"name\":\"Voliaina Enquadernaci\u00f3\",\"description\":\"\",\"publisher\":{\"@id\":\"https:\\\/\\\/voliainaenquadernacio.cat\\\/#\\\/schema\\\/person\\\/c4539800a75d881095d1d216e74fc347\"},\"potentialAction\":[{\"@type\":\"SearchAction\",\"target\":{\"@type\":\"EntryPoint\",\"urlTemplate\":\"https:\\\/\\\/voliainaenquadernacio.cat\\\/?s={search_term_string}\"},\"query-input\":{\"@type\":\"PropertyValueSpecification\",\"valueRequired\":true,\"valueName\":\"search_term_string\"}}],\"inLanguage\":\"es\"},{\"@type\":[\"Person\",\"Organization\"],\"@id\":\"https:\\\/\\\/voliainaenquadernacio.cat\\\/#\\\/schema\\\/person\\\/c4539800a75d881095d1d216e74fc347\",\"name\":\"Irene\",\"image\":{\"@type\":\"ImageObject\",\"inLanguage\":\"es\",\"@id\":\"https:\\\/\\\/voliainaenquadernacio.cat\\\/wp-content\\\/uploads\\\/2025\\\/04\\\/VOLIAINA_Logo_Horitzontal_SenseFons_Negre.png\",\"url\":\"https:\\\/\\\/voliainaenquadernacio.cat\\\/wp-content\\\/uploads\\\/2025\\\/04\\\/VOLIAINA_Logo_Horitzontal_SenseFons_Negre.png\",\"contentUrl\":\"https:\\\/\\\/voliainaenquadernacio.cat\\\/wp-content\\\/uploads\\\/2025\\\/04\\\/VOLIAINA_Logo_Horitzontal_SenseFons_Negre.png\",\"width\":2327,\"height\":1049,\"caption\":\"Irene\"},\"logo\":{\"@id\":\"https:\\\/\\\/voliainaenquadernacio.cat\\\/wp-content\\\/uploads\\\/2025\\\/04\\\/VOLIAINA_Logo_Horitzontal_SenseFons_Negre.png\"}}]}<\/script>\n<!-- \/ Yoast SEO plugin. -->","yoast_head_json":{"title":"Pol\u00edtica d'enviaments i devolucions -","robots":{"index":"index","follow":"follow","max-snippet":"max-snippet:-1","max-image-preview":"max-image-preview:large","max-video-preview":"max-video-preview:-1"},"canonical":"https:\/\/voliainaenquadernacio.cat\/es\/enviaments_devolucions\/","og_locale":"es_ES","og_type":"article","og_title":"Pol\u00edtica d'enviaments i devolucions -","og_description":"Enviaments i condicions Els enviaments es fan a la Pen\u00ednsula. Si ets d&#8217;una zona fora del meu \u00e0mbit de venda i vols realitzar alguna comanda, contacta amb mi a trav\u00e9s del formulari de contacte i intentarem buscar la manera.\u00a0 Enviaments gratu\u00efts a partir de 90\u20ac Enviaments a trav\u00e9s de Correus: Entrega entre 2 i 6 [&hellip;]","og_url":"https:\/\/voliainaenquadernacio.cat\/es\/enviaments_devolucions\/","article_modified_time":"2025-05-30T18:05:52+00:00","twitter_card":"summary_large_image","twitter_misc":{"Tiempo de lectura":"3 minutos"},"schema":{"@context":"https:\/\/schema.org","@graph":[{"@type":"WebPage","@id":"https:\/\/voliainaenquadernacio.cat\/enviaments_devolucions\/","url":"https:\/\/voliainaenquadernacio.cat\/enviaments_devolucions\/","name":"Pol\u00edtica d'enviaments i devolucions -","isPartOf":{"@id":"https:\/\/voliainaenquadernacio.cat\/#website"},"datePublished":"2025-04-20T13:40:03+00:00","dateModified":"2025-05-30T18:05:52+00:00","breadcrumb":{"@id":"https:\/\/voliainaenquadernacio.cat\/enviaments_devolucions\/#breadcrumb"},"inLanguage":"es","potentialAction":[{"@type":"ReadAction","target":["https:\/\/voliainaenquadernacio.cat\/enviaments_devolucions\/"]}]},{"@type":"BreadcrumbList","@id":"https:\/\/voliainaenquadernacio.cat\/enviaments_devolucions\/#breadcrumb","itemListElement":[{"@type":"ListItem","position":1,"name":"Home","item":"https:\/\/voliainaenquadernacio.cat\/"},{"@type":"ListItem","position":2,"name":"Pol\u00edtica d&#8217;enviaments i devolucions"}]},{"@type":"WebSite","@id":"https:\/\/voliainaenquadernacio.cat\/#website","url":"https:\/\/voliainaenquadernacio.cat\/","name":"Voliaina Enquadernaci\u00f3","description":"","publisher":{"@id":"https:\/\/voliainaenquadernacio.cat\/#\/schema\/person\/c4539800a75d881095d1d216e74fc347"},"potentialAction":[{"@type":"SearchAction","target":{"@type":"EntryPoint","urlTemplate":"https:\/\/voliainaenquadernacio.cat\/?s={search_term_string}"},"query-input":{"@type":"PropertyValueSpecification","valueRequired":true,"valueName":"search_term_string"}}],"inLanguage":"es"},{"@type":["Person","Organization"],"@id":"https:\/\/voliainaenquadernacio.cat\/#\/schema\/person\/c4539800a75d881095d1d216e74fc347","name":"Irene","image":{"@type":"ImageObject","inLanguage":"es","@id":"https:\/\/voliainaenquadernacio.cat\/wp-content\/uploads\/2025\/04\/VOLIAINA_Logo_Horitzontal_SenseFons_Negre.png","url":"https:\/\/voliainaenquadernacio.cat\/wp-content\/uploads\/2025\/04\/VOLIAINA_Logo_Horitzontal_SenseFons_Negre.png","contentUrl":"https:\/\/voliainaenquadernacio.cat\/wp-content\/uploads\/2025\/04\/VOLIAINA_Logo_Horitzontal_SenseFons_Negre.png","width":2327,"height":1049,"caption":"Irene"},"logo":{"@id":"https:\/\/voliainaenquadernacio.cat\/wp-content\/uploads\/2025\/04\/VOLIAINA_Logo_Horitzontal_SenseFons_Negre.png"}}]}},"_links":{"self":[{"href":"https:\/\/voliainaenquadernacio.cat\/es\/wp-json\/wp\/v2\/pages\/223","targetHints":{"allow":["GET"]}}],"collection":[{"href":"https:\/\/voliainaenquadernacio.cat\/es\/wp-json\/wp\/v2\/pages"}],"about":[{"href":"https:\/\/voliainaenquadernacio.cat\/es\/wp-json\/wp\/v2\/types\/page"}],"author":[{"embeddable":true,"href":"https:\/\/voliainaenquadernacio.cat\/es\/wp-json\/wp\/v2\/users\/1"}],"replies":[{"embeddable":true,"href":"https:\/\/voliainaenquadernacio.cat\/es\/wp-json\/wp\/v2\/comments?post=223"}],"version-history":[{"count":4,"href":"https:\/\/voliainaenquadernacio.cat\/es\/wp-json\/wp\/v2\/pages\/223\/revisions"}],"predecessor-version":[{"id":1219,"href":"https:\/\/voliainaenquadernacio.cat\/es\/wp-json\/wp\/v2\/pages\/223\/revisions\/1219"}],"wp:attachment":[{"href":"https:\/\/voliainaenquadernacio.cat\/es\/wp-json\/wp\/v2\/media?parent=223"}],"curies":[{"name":"wp","href":"https:\/\/api.w.org\/{rel}","templated":true}]}}