{"id":2430,"date":"2025-10-04T17:08:01","date_gmt":"2025-10-04T16:08:01","guid":{"rendered":"https:\/\/voliainaenquadernacio.cat\/?page_id=2430"},"modified":"2025-10-04T17:14:14","modified_gmt":"2025-10-04T16:14:14","slug":"avis-legal","status":"publish","type":"page","link":"https:\/\/voliainaenquadernacio.cat\/es\/avis-legal\/","title":{"rendered":"Av\u00eds legal"},"content":{"rendered":"<div data-elementor-type=\"wp-page\" data-elementor-id=\"2430\" class=\"elementor elementor-2430\" data-elementor-post-type=\"page\">\n\t\t\t\t<div class=\"elementor-element elementor-element-43f29232 e-flex e-con-boxed e-con e-parent\" data-id=\"43f29232\" data-element_type=\"container\" data-e-type=\"container\">\n\t\t\t\t\t<div class=\"e-con-inner\">\n\t\t\t\t<div class=\"elementor-element elementor-element-415ab2 elementor-widget elementor-widget-text-editor\" data-id=\"415ab2\" data-element_type=\"widget\" data-e-type=\"widget\" data-widget_type=\"text-editor.default\">\n\t\t\t\t<div class=\"elementor-widget-container\">\n\t\t\t\t\t\t\t\t\t\n<p>Av\u00eds legal<\/p>\n\n\n\n<p>En compliment del que disposa la Llei 34\/2002, d\u201911 de juliol, de Serveis de la Societat de la Informaci\u00f3 i del Comer\u00e7 Electr\u00f2nic (LSSICE), s\u2019informa que el lloc web https:\/\/voliainaenquadernacio.cat (d\u2019ara endavant, \u201cel lloc web\u201d) \u00e9s titularitat de Marta Da Costa, actuant sota el nom comercial \u201cVoliaina\u201d (d\u2019ara endavant, \u201cVoliaina\u201d).<\/p>\n\n\n\n<p>1. Dades identificatives<\/p>\n\n\n\n<p>&nbsp;Titular: Marta Da Costa (treballadora aut\u00f2noma)<\/p>\n\n\n\n<p>&nbsp;Nom comercial: Voliaina&nbsp;<\/p>\n\n\n\n<p>&nbsp;Domicili d\u2019activitat: Carrer Sant Esteve, 3, 17800 Olot, Girona<\/p>\n\n\n\n<p>&nbsp;Correu electr\u00f2nic de contacte: voliaina.enquadernacio@gmail.com<\/p>\n\n\n\n<p>2. Objecte<\/p>\n\n\n\n<p>El present Av\u00eds Legal regula l\u2019acc\u00e9s, la navegaci\u00f3 i l\u2019\u00fas del lloc web, sense perjudici que Voliaina es reservi el dret de modificar la presentaci\u00f3, configuraci\u00f3 i continguts d\u2019aquest, aix\u00ed com les condicions d\u2019acc\u00e9s i\/o \u00fas.<\/p>\n\n\n\n<p>3. Condicions d\u2019\u00fas<\/p>\n\n\n\n<p>L\u2019acc\u00e9s al lloc web \u00e9s responsabilitat exclusiva dels usuaris, que es comprometen a utilitzar els continguts i serveis de forma l\u00edcita, adequada i conforme a la legislaci\u00f3 vigent.<\/p>\n\n\n\n<p>4. Propietat intel\u00b7lectual i industrial<\/p>\n\n\n\n<p>Els continguts del lloc web (textos, imatges, il\u00b7lustracions, logotips, dissenys i qualsevol altre element creatiu) s\u00f3n titularitat de Voliaina o de tercers que n\u2019han autoritzat l\u2019\u00fas. Queda prohibida la reproducci\u00f3, distribuci\u00f3 o comunicaci\u00f3 p\u00fablica sense autoritzaci\u00f3 expressa del titular.<\/p>\n\n\n\n<p>5. Enlla\u00e7os<\/p>\n\n\n\n<p>El lloc web pot contenir enlla\u00e7os a llocs de tercers. Voliaina&nbsp; no es responsabilitza del contingut, seguretat ni condicions d\u2019\u00fas d\u2019aquestes p\u00e0gines.<\/p>\n\n\n\n<p>6. Limitaci\u00f3 de responsabilitat<\/p>\n\n\n\n<p>Voliaina no ser\u00e0 responsable dels danys o perjudicis derivats de l\u2019\u00fas d\u2019aquest lloc web, inclosos els causats per virus inform\u00e0tics, interrupcions en el servei o incid\u00e8ncies t\u00e8cniques alienes al seu control.<\/p>\n\n\n\n<p>7. Legislaci\u00f3 aplicable<\/p>\n\n\n\n<p>El present Av\u00eds Legal es regeix per la legislaci\u00f3 espanyola. Per a la resoluci\u00f3 de conflictes, les parts se sotmeten als Jutjats i Tribunals de Girona.<br><br><\/p>\n\t\t\t\t\t\t\t\t<\/div>\n\t\t\t\t<\/div>\n\t\t\t\t\t<\/div>\n\t\t\t\t<\/div>\n\t\t\t\t<\/div>","protected":false},"excerpt":{"rendered":"<p>Av\u00eds legal En compliment del que disposa la Llei 34\/2002, d\u201911 de juliol, de Serveis de la Societat de la Informaci\u00f3 i del Comer\u00e7 Electr\u00f2nic (LSSICE), s\u2019informa que el lloc web https:\/\/voliainaenquadernacio.cat (d\u2019ara endavant, \u201cel lloc web\u201d) \u00e9s titularitat de Marta Da Costa, actuant sota el nom comercial \u201cVoliaina\u201d (d\u2019ara endavant, \u201cVoliaina\u201d). 1. Dades identificatives [&hellip;]<\/p>\n","protected":false},"author":2,"featured_media":0,"parent":0,"menu_order":0,"comment_status":"closed","ping_status":"closed","template":"","meta":{"footnotes":""},"class_list":["post-2430","page","type-page","status-publish","hentry"],"yoast_head":"<!-- This site is optimized with the Yoast SEO plugin v27.3 - https:\/\/yoast.com\/product\/yoast-seo-wordpress\/ -->\n<title>Av\u00eds legal -<\/title>\n<meta name=\"robots\" content=\"index, follow, max-snippet:-1, max-image-preview:large, max-video-preview:-1\" \/>\n<link rel=\"canonical\" href=\"https:\/\/voliainaenquadernacio.cat\/es\/avis-legal\/\" \/>\n<meta property=\"og:locale\" content=\"es_ES\" \/>\n<meta property=\"og:type\" content=\"article\" \/>\n<meta property=\"og:title\" content=\"Av\u00eds legal -\" \/>\n<meta property=\"og:description\" content=\"Av\u00eds legal En compliment del que disposa la Llei 34\/2002, d\u201911 de juliol, de Serveis de la Societat de la Informaci\u00f3 i del Comer\u00e7 Electr\u00f2nic (LSSICE), s\u2019informa que el lloc web https:\/\/voliainaenquadernacio.cat (d\u2019ara endavant, \u201cel lloc web\u201d) \u00e9s titularitat de Marta Da Costa, actuant sota el nom comercial \u201cVoliaina\u201d (d\u2019ara endavant, \u201cVoliaina\u201d). 1. Dades identificatives [&hellip;]\" \/>\n<meta property=\"og:url\" content=\"https:\/\/voliainaenquadernacio.cat\/es\/avis-legal\/\" \/>\n<meta property=\"article:modified_time\" content=\"2025-10-04T16:14:14+00:00\" \/>\n<meta name=\"twitter:card\" content=\"summary_large_image\" \/>\n<meta name=\"twitter:label1\" content=\"Tiempo de lectura\" \/>\n\t<meta name=\"twitter:data1\" content=\"2 minutos\" \/>\n<script type=\"application\/ld+json\" class=\"yoast-schema-graph\">{\"@context\":\"https:\\\/\\\/schema.org\",\"@graph\":[{\"@type\":\"WebPage\",\"@id\":\"https:\\\/\\\/voliainaenquadernacio.cat\\\/avis-legal\\\/\",\"url\":\"https:\\\/\\\/voliainaenquadernacio.cat\\\/avis-legal\\\/\",\"name\":\"Av\u00eds legal -\",\"isPartOf\":{\"@id\":\"https:\\\/\\\/voliainaenquadernacio.cat\\\/#website\"},\"datePublished\":\"2025-10-04T16:08:01+00:00\",\"dateModified\":\"2025-10-04T16:14:14+00:00\",\"breadcrumb\":{\"@id\":\"https:\\\/\\\/voliainaenquadernacio.cat\\\/avis-legal\\\/#breadcrumb\"},\"inLanguage\":\"es\",\"potentialAction\":[{\"@type\":\"ReadAction\",\"target\":[\"https:\\\/\\\/voliainaenquadernacio.cat\\\/avis-legal\\\/\"]}]},{\"@type\":\"BreadcrumbList\",\"@id\":\"https:\\\/\\\/voliainaenquadernacio.cat\\\/avis-legal\\\/#breadcrumb\",\"itemListElement\":[{\"@type\":\"ListItem\",\"position\":1,\"name\":\"Home\",\"item\":\"https:\\\/\\\/voliainaenquadernacio.cat\\\/\"},{\"@type\":\"ListItem\",\"position\":2,\"name\":\"Av\u00eds legal\"}]},{\"@type\":\"WebSite\",\"@id\":\"https:\\\/\\\/voliainaenquadernacio.cat\\\/#website\",\"url\":\"https:\\\/\\\/voliainaenquadernacio.cat\\\/\",\"name\":\"Voliaina Enquadernaci\u00f3\",\"description\":\"\",\"publisher\":{\"@id\":\"https:\\\/\\\/voliainaenquadernacio.cat\\\/#\\\/schema\\\/person\\\/c4539800a75d881095d1d216e74fc347\"},\"potentialAction\":[{\"@type\":\"SearchAction\",\"target\":{\"@type\":\"EntryPoint\",\"urlTemplate\":\"https:\\\/\\\/voliainaenquadernacio.cat\\\/?s={search_term_string}\"},\"query-input\":{\"@type\":\"PropertyValueSpecification\",\"valueRequired\":true,\"valueName\":\"search_term_string\"}}],\"inLanguage\":\"es\"},{\"@type\":[\"Person\",\"Organization\"],\"@id\":\"https:\\\/\\\/voliainaenquadernacio.cat\\\/#\\\/schema\\\/person\\\/c4539800a75d881095d1d216e74fc347\",\"name\":\"Irene\",\"image\":{\"@type\":\"ImageObject\",\"inLanguage\":\"es\",\"@id\":\"https:\\\/\\\/voliainaenquadernacio.cat\\\/wp-content\\\/uploads\\\/2025\\\/04\\\/VOLIAINA_Logo_Horitzontal_SenseFons_Negre.png\",\"url\":\"https:\\\/\\\/voliainaenquadernacio.cat\\\/wp-content\\\/uploads\\\/2025\\\/04\\\/VOLIAINA_Logo_Horitzontal_SenseFons_Negre.png\",\"contentUrl\":\"https:\\\/\\\/voliainaenquadernacio.cat\\\/wp-content\\\/uploads\\\/2025\\\/04\\\/VOLIAINA_Logo_Horitzontal_SenseFons_Negre.png\",\"width\":2327,\"height\":1049,\"caption\":\"Irene\"},\"logo\":{\"@id\":\"https:\\\/\\\/voliainaenquadernacio.cat\\\/wp-content\\\/uploads\\\/2025\\\/04\\\/VOLIAINA_Logo_Horitzontal_SenseFons_Negre.png\"}}]}<\/script>\n<!-- \/ Yoast SEO plugin. -->","yoast_head_json":{"title":"Av\u00eds legal -","robots":{"index":"index","follow":"follow","max-snippet":"max-snippet:-1","max-image-preview":"max-image-preview:large","max-video-preview":"max-video-preview:-1"},"canonical":"https:\/\/voliainaenquadernacio.cat\/es\/avis-legal\/","og_locale":"es_ES","og_type":"article","og_title":"Av\u00eds legal -","og_description":"Av\u00eds legal En compliment del que disposa la Llei 34\/2002, d\u201911 de juliol, de Serveis de la Societat de la Informaci\u00f3 i del Comer\u00e7 Electr\u00f2nic (LSSICE), s\u2019informa que el lloc web https:\/\/voliainaenquadernacio.cat (d\u2019ara endavant, \u201cel lloc web\u201d) \u00e9s titularitat de Marta Da Costa, actuant sota el nom comercial \u201cVoliaina\u201d (d\u2019ara endavant, \u201cVoliaina\u201d). 1. Dades identificatives [&hellip;]","og_url":"https:\/\/voliainaenquadernacio.cat\/es\/avis-legal\/","article_modified_time":"2025-10-04T16:14:14+00:00","twitter_card":"summary_large_image","twitter_misc":{"Tiempo de lectura":"2 minutos"},"schema":{"@context":"https:\/\/schema.org","@graph":[{"@type":"WebPage","@id":"https:\/\/voliainaenquadernacio.cat\/avis-legal\/","url":"https:\/\/voliainaenquadernacio.cat\/avis-legal\/","name":"Av\u00eds legal -","isPartOf":{"@id":"https:\/\/voliainaenquadernacio.cat\/#website"},"datePublished":"2025-10-04T16:08:01+00:00","dateModified":"2025-10-04T16:14:14+00:00","breadcrumb":{"@id":"https:\/\/voliainaenquadernacio.cat\/avis-legal\/#breadcrumb"},"inLanguage":"es","potentialAction":[{"@type":"ReadAction","target":["https:\/\/voliainaenquadernacio.cat\/avis-legal\/"]}]},{"@type":"BreadcrumbList","@id":"https:\/\/voliainaenquadernacio.cat\/avis-legal\/#breadcrumb","itemListElement":[{"@type":"ListItem","position":1,"name":"Home","item":"https:\/\/voliainaenquadernacio.cat\/"},{"@type":"ListItem","position":2,"name":"Av\u00eds legal"}]},{"@type":"WebSite","@id":"https:\/\/voliainaenquadernacio.cat\/#website","url":"https:\/\/voliainaenquadernacio.cat\/","name":"Voliaina Enquadernaci\u00f3","description":"","publisher":{"@id":"https:\/\/voliainaenquadernacio.cat\/#\/schema\/person\/c4539800a75d881095d1d216e74fc347"},"potentialAction":[{"@type":"SearchAction","target":{"@type":"EntryPoint","urlTemplate":"https:\/\/voliainaenquadernacio.cat\/?s={search_term_string}"},"query-input":{"@type":"PropertyValueSpecification","valueRequired":true,"valueName":"search_term_string"}}],"inLanguage":"es"},{"@type":["Person","Organization"],"@id":"https:\/\/voliainaenquadernacio.cat\/#\/schema\/person\/c4539800a75d881095d1d216e74fc347","name":"Irene","image":{"@type":"ImageObject","inLanguage":"es","@id":"https:\/\/voliainaenquadernacio.cat\/wp-content\/uploads\/2025\/04\/VOLIAINA_Logo_Horitzontal_SenseFons_Negre.png","url":"https:\/\/voliainaenquadernacio.cat\/wp-content\/uploads\/2025\/04\/VOLIAINA_Logo_Horitzontal_SenseFons_Negre.png","contentUrl":"https:\/\/voliainaenquadernacio.cat\/wp-content\/uploads\/2025\/04\/VOLIAINA_Logo_Horitzontal_SenseFons_Negre.png","width":2327,"height":1049,"caption":"Irene"},"logo":{"@id":"https:\/\/voliainaenquadernacio.cat\/wp-content\/uploads\/2025\/04\/VOLIAINA_Logo_Horitzontal_SenseFons_Negre.png"}}]}},"_links":{"self":[{"href":"https:\/\/voliainaenquadernacio.cat\/es\/wp-json\/wp\/v2\/pages\/2430","targetHints":{"allow":["GET"]}}],"collection":[{"href":"https:\/\/voliainaenquadernacio.cat\/es\/wp-json\/wp\/v2\/pages"}],"about":[{"href":"https:\/\/voliainaenquadernacio.cat\/es\/wp-json\/wp\/v2\/types\/page"}],"author":[{"embeddable":true,"href":"https:\/\/voliainaenquadernacio.cat\/es\/wp-json\/wp\/v2\/users\/2"}],"replies":[{"embeddable":true,"href":"https:\/\/voliainaenquadernacio.cat\/es\/wp-json\/wp\/v2\/comments?post=2430"}],"version-history":[{"count":4,"href":"https:\/\/voliainaenquadernacio.cat\/es\/wp-json\/wp\/v2\/pages\/2430\/revisions"}],"predecessor-version":[{"id":2440,"href":"https:\/\/voliainaenquadernacio.cat\/es\/wp-json\/wp\/v2\/pages\/2430\/revisions\/2440"}],"wp:attachment":[{"href":"https:\/\/voliainaenquadernacio.cat\/es\/wp-json\/wp\/v2\/media?parent=2430"}],"curies":[{"name":"wp","href":"https:\/\/api.w.org\/{rel}","templated":true}]}}