{"id":2528,"date":"2025-10-20T15:44:20","date_gmt":"2025-10-20T14:44:20","guid":{"rendered":"https:\/\/voliainaenquadernacio.cat\/?post_type=product&#038;p=2528"},"modified":"2026-04-06T18:01:59","modified_gmt":"2026-04-06T17:01:59","slug":"album-de-fotos-petit-cosit-vist-12","status":"publish","type":"product","link":"https:\/\/voliainaenquadernacio.cat\/es\/product\/album-de-fotos-petit-cosit-vist-12\/","title":{"rendered":"\u00c1lbum de fotos peque\u00f1o - cosido visto"},"content":{"rendered":"<p>\u00c1lbum de fotos encuadernado a mano de manera artesanal (cosido visto).<br \/>\nTapa dura folrada amb teles recuperades<br \/>\n64 p\u00e1ginas \u2013 tama\u00f1o 21 x 15 cm aprox.<br \/>\nInterior con papel de 200 g elaborado con un 15 % de residuos procedentes de ma\u00edz y un 30 % de papel reciclado.<br \/>\nBolsillo interior al final.<\/p>","protected":false},"excerpt":{"rendered":"<p>El color del papel o de la tela puede variar ligeramente debido a la calidad y la luz de la fotograf\u00eda.<\/p>","protected":false},"featured_media":2906,"comment_status":"open","ping_status":"closed","template":"","meta":[],"product_brand":[],"product_cat":[26],"product_tag":[],"class_list":{"0":"post-2528","1":"product","2":"type-product","3":"status-publish","4":"has-post-thumbnail","6":"product_cat-albums-petits","8":"first","9":"instock","10":"shipping-taxable","11":"purchasable","12":"product-type-simple"},"yoast_head":"<!-- This site is optimized with the Yoast SEO plugin v27.3 - https:\/\/yoast.com\/product\/yoast-seo-wordpress\/ -->\n<title>\u00c0lbum de fotos petit - cosit vist -<\/title>\n<meta name=\"robots\" content=\"index, follow, max-snippet:-1, max-image-preview:large, max-video-preview:-1\" \/>\n<link rel=\"canonical\" href=\"https:\/\/voliainaenquadernacio.cat\/es\/product\/album-de-fotos-petit-cosit-vist-12\/\" \/>\n<meta property=\"og:locale\" content=\"es_ES\" \/>\n<meta property=\"og:type\" content=\"article\" \/>\n<meta property=\"og:title\" content=\"\u00c0lbum de fotos petit - cosit vist -\" \/>\n<meta property=\"og:description\" content=\"El color del paper o de la tela pot variar lleugerament degut a la qualitat i la llum de la fotografia.\" \/>\n<meta property=\"og:url\" content=\"https:\/\/voliainaenquadernacio.cat\/es\/product\/album-de-fotos-petit-cosit-vist-12\/\" \/>\n<meta property=\"article:modified_time\" content=\"2026-04-06T17:01:59+00:00\" \/>\n<meta property=\"og:image\" content=\"https:\/\/voliainaenquadernacio.cat\/wp-content\/uploads\/2025\/10\/DSCN0007-scaled.jpg\" \/>\n\t<meta property=\"og:image:width\" content=\"1920\" \/>\n\t<meta property=\"og:image:height\" content=\"2560\" \/>\n\t<meta property=\"og:image:type\" content=\"image\/jpeg\" \/>\n<meta name=\"twitter:card\" content=\"summary_large_image\" \/>\n<meta name=\"twitter:label1\" content=\"Tiempo de lectura\" \/>\n\t<meta name=\"twitter:data1\" content=\"1 minuto\" \/>\n<script type=\"application\/ld+json\" class=\"yoast-schema-graph\">{\"@context\":\"https:\\\/\\\/schema.org\",\"@graph\":[{\"@type\":\"WebPage\",\"@id\":\"https:\\\/\\\/voliainaenquadernacio.cat\\\/product\\\/album-de-fotos-petit-cosit-vist-12\\\/\",\"url\":\"https:\\\/\\\/voliainaenquadernacio.cat\\\/product\\\/album-de-fotos-petit-cosit-vist-12\\\/\",\"name\":\"\u00c0lbum de fotos petit - cosit vist -\",\"isPartOf\":{\"@id\":\"https:\\\/\\\/voliainaenquadernacio.cat\\\/#website\"},\"primaryImageOfPage\":{\"@id\":\"https:\\\/\\\/voliainaenquadernacio.cat\\\/product\\\/album-de-fotos-petit-cosit-vist-12\\\/#primaryimage\"},\"image\":{\"@id\":\"https:\\\/\\\/voliainaenquadernacio.cat\\\/product\\\/album-de-fotos-petit-cosit-vist-12\\\/#primaryimage\"},\"thumbnailUrl\":\"https:\\\/\\\/voliainaenquadernacio.cat\\\/wp-content\\\/uploads\\\/2025\\\/10\\\/DSCN0007-scaled.jpg\",\"datePublished\":\"2025-10-20T14:44:20+00:00\",\"dateModified\":\"2026-04-06T17:01:59+00:00\",\"breadcrumb\":{\"@id\":\"https:\\\/\\\/voliainaenquadernacio.cat\\\/product\\\/album-de-fotos-petit-cosit-vist-12\\\/#breadcrumb\"},\"inLanguage\":\"es\",\"potentialAction\":[{\"@type\":\"ReadAction\",\"target\":[\"https:\\\/\\\/voliainaenquadernacio.cat\\\/product\\\/album-de-fotos-petit-cosit-vist-12\\\/\"]}]},{\"@type\":\"ImageObject\",\"inLanguage\":\"es\",\"@id\":\"https:\\\/\\\/voliainaenquadernacio.cat\\\/product\\\/album-de-fotos-petit-cosit-vist-12\\\/#primaryimage\",\"url\":\"https:\\\/\\\/voliainaenquadernacio.cat\\\/wp-content\\\/uploads\\\/2025\\\/10\\\/DSCN0007-scaled.jpg\",\"contentUrl\":\"https:\\\/\\\/voliainaenquadernacio.cat\\\/wp-content\\\/uploads\\\/2025\\\/10\\\/DSCN0007-scaled.jpg\",\"width\":1920,\"height\":2560},{\"@type\":\"BreadcrumbList\",\"@id\":\"https:\\\/\\\/voliainaenquadernacio.cat\\\/product\\\/album-de-fotos-petit-cosit-vist-12\\\/#breadcrumb\",\"itemListElement\":[{\"@type\":\"ListItem\",\"position\":1,\"name\":\"Home\",\"item\":\"https:\\\/\\\/voliainaenquadernacio.cat\\\/\"},{\"@type\":\"ListItem\",\"position\":2,\"name\":\"Botiga\",\"item\":\"https:\\\/\\\/voliainaenquadernacio.cat\\\/shop\\\/\"},{\"@type\":\"ListItem\",\"position\":3,\"name\":\"\u00c0lbum de fotos petit &#8211; cosit vist\"}]},{\"@type\":\"WebSite\",\"@id\":\"https:\\\/\\\/voliainaenquadernacio.cat\\\/#website\",\"url\":\"https:\\\/\\\/voliainaenquadernacio.cat\\\/\",\"name\":\"Voliaina Enquadernaci\u00f3\",\"description\":\"\",\"publisher\":{\"@id\":\"https:\\\/\\\/voliainaenquadernacio.cat\\\/#\\\/schema\\\/person\\\/c4539800a75d881095d1d216e74fc347\"},\"potentialAction\":[{\"@type\":\"SearchAction\",\"target\":{\"@type\":\"EntryPoint\",\"urlTemplate\":\"https:\\\/\\\/voliainaenquadernacio.cat\\\/?s={search_term_string}\"},\"query-input\":{\"@type\":\"PropertyValueSpecification\",\"valueRequired\":true,\"valueName\":\"search_term_string\"}}],\"inLanguage\":\"es\"},{\"@type\":[\"Person\",\"Organization\"],\"@id\":\"https:\\\/\\\/voliainaenquadernacio.cat\\\/#\\\/schema\\\/person\\\/c4539800a75d881095d1d216e74fc347\",\"name\":\"Irene\",\"image\":{\"@type\":\"ImageObject\",\"inLanguage\":\"es\",\"@id\":\"https:\\\/\\\/voliainaenquadernacio.cat\\\/wp-content\\\/uploads\\\/2025\\\/04\\\/VOLIAINA_Logo_Horitzontal_SenseFons_Negre.png\",\"url\":\"https:\\\/\\\/voliainaenquadernacio.cat\\\/wp-content\\\/uploads\\\/2025\\\/04\\\/VOLIAINA_Logo_Horitzontal_SenseFons_Negre.png\",\"contentUrl\":\"https:\\\/\\\/voliainaenquadernacio.cat\\\/wp-content\\\/uploads\\\/2025\\\/04\\\/VOLIAINA_Logo_Horitzontal_SenseFons_Negre.png\",\"width\":2327,\"height\":1049,\"caption\":\"Irene\"},\"logo\":{\"@id\":\"https:\\\/\\\/voliainaenquadernacio.cat\\\/wp-content\\\/uploads\\\/2025\\\/04\\\/VOLIAINA_Logo_Horitzontal_SenseFons_Negre.png\"}}]}<\/script>\n<!-- \/ Yoast SEO plugin. -->","yoast_head_json":{"title":"\u00c0lbum de fotos petit - cosit vist -","robots":{"index":"index","follow":"follow","max-snippet":"max-snippet:-1","max-image-preview":"max-image-preview:large","max-video-preview":"max-video-preview:-1"},"canonical":"https:\/\/voliainaenquadernacio.cat\/es\/product\/album-de-fotos-petit-cosit-vist-12\/","og_locale":"es_ES","og_type":"article","og_title":"\u00c0lbum de fotos petit - cosit vist -","og_description":"El color del paper o de la tela pot variar lleugerament degut a la qualitat i la llum de la fotografia.","og_url":"https:\/\/voliainaenquadernacio.cat\/es\/product\/album-de-fotos-petit-cosit-vist-12\/","article_modified_time":"2026-04-06T17:01:59+00:00","og_image":[{"width":1920,"height":2560,"url":"https:\/\/voliainaenquadernacio.cat\/wp-content\/uploads\/2025\/10\/DSCN0007-scaled.jpg","type":"image\/jpeg"}],"twitter_card":"summary_large_image","twitter_misc":{"Tiempo de lectura":"1 minuto"},"schema":{"@context":"https:\/\/schema.org","@graph":[{"@type":"WebPage","@id":"https:\/\/voliainaenquadernacio.cat\/product\/album-de-fotos-petit-cosit-vist-12\/","url":"https:\/\/voliainaenquadernacio.cat\/product\/album-de-fotos-petit-cosit-vist-12\/","name":"\u00c0lbum de fotos petit - cosit vist -","isPartOf":{"@id":"https:\/\/voliainaenquadernacio.cat\/#website"},"primaryImageOfPage":{"@id":"https:\/\/voliainaenquadernacio.cat\/product\/album-de-fotos-petit-cosit-vist-12\/#primaryimage"},"image":{"@id":"https:\/\/voliainaenquadernacio.cat\/product\/album-de-fotos-petit-cosit-vist-12\/#primaryimage"},"thumbnailUrl":"https:\/\/voliainaenquadernacio.cat\/wp-content\/uploads\/2025\/10\/DSCN0007-scaled.jpg","datePublished":"2025-10-20T14:44:20+00:00","dateModified":"2026-04-06T17:01:59+00:00","breadcrumb":{"@id":"https:\/\/voliainaenquadernacio.cat\/product\/album-de-fotos-petit-cosit-vist-12\/#breadcrumb"},"inLanguage":"es","potentialAction":[{"@type":"ReadAction","target":["https:\/\/voliainaenquadernacio.cat\/product\/album-de-fotos-petit-cosit-vist-12\/"]}]},{"@type":"ImageObject","inLanguage":"es","@id":"https:\/\/voliainaenquadernacio.cat\/product\/album-de-fotos-petit-cosit-vist-12\/#primaryimage","url":"https:\/\/voliainaenquadernacio.cat\/wp-content\/uploads\/2025\/10\/DSCN0007-scaled.jpg","contentUrl":"https:\/\/voliainaenquadernacio.cat\/wp-content\/uploads\/2025\/10\/DSCN0007-scaled.jpg","width":1920,"height":2560},{"@type":"BreadcrumbList","@id":"https:\/\/voliainaenquadernacio.cat\/product\/album-de-fotos-petit-cosit-vist-12\/#breadcrumb","itemListElement":[{"@type":"ListItem","position":1,"name":"Home","item":"https:\/\/voliainaenquadernacio.cat\/"},{"@type":"ListItem","position":2,"name":"Botiga","item":"https:\/\/voliainaenquadernacio.cat\/shop\/"},{"@type":"ListItem","position":3,"name":"\u00c0lbum de fotos petit &#8211; cosit vist"}]},{"@type":"WebSite","@id":"https:\/\/voliainaenquadernacio.cat\/#website","url":"https:\/\/voliainaenquadernacio.cat\/","name":"Voliaina Enquadernaci\u00f3","description":"","publisher":{"@id":"https:\/\/voliainaenquadernacio.cat\/#\/schema\/person\/c4539800a75d881095d1d216e74fc347"},"potentialAction":[{"@type":"SearchAction","target":{"@type":"EntryPoint","urlTemplate":"https:\/\/voliainaenquadernacio.cat\/?s={search_term_string}"},"query-input":{"@type":"PropertyValueSpecification","valueRequired":true,"valueName":"search_term_string"}}],"inLanguage":"es"},{"@type":["Person","Organization"],"@id":"https:\/\/voliainaenquadernacio.cat\/#\/schema\/person\/c4539800a75d881095d1d216e74fc347","name":"Irene","image":{"@type":"ImageObject","inLanguage":"es","@id":"https:\/\/voliainaenquadernacio.cat\/wp-content\/uploads\/2025\/04\/VOLIAINA_Logo_Horitzontal_SenseFons_Negre.png","url":"https:\/\/voliainaenquadernacio.cat\/wp-content\/uploads\/2025\/04\/VOLIAINA_Logo_Horitzontal_SenseFons_Negre.png","contentUrl":"https:\/\/voliainaenquadernacio.cat\/wp-content\/uploads\/2025\/04\/VOLIAINA_Logo_Horitzontal_SenseFons_Negre.png","width":2327,"height":1049,"caption":"Irene"},"logo":{"@id":"https:\/\/voliainaenquadernacio.cat\/wp-content\/uploads\/2025\/04\/VOLIAINA_Logo_Horitzontal_SenseFons_Negre.png"}}]}},"_links":{"self":[{"href":"https:\/\/voliainaenquadernacio.cat\/es\/wp-json\/wp\/v2\/product\/2528","targetHints":{"allow":["GET"]}}],"collection":[{"href":"https:\/\/voliainaenquadernacio.cat\/es\/wp-json\/wp\/v2\/product"}],"about":[{"href":"https:\/\/voliainaenquadernacio.cat\/es\/wp-json\/wp\/v2\/types\/product"}],"replies":[{"embeddable":true,"href":"https:\/\/voliainaenquadernacio.cat\/es\/wp-json\/wp\/v2\/comments?post=2528"}],"wp:featuredmedia":[{"embeddable":true,"href":"https:\/\/voliainaenquadernacio.cat\/es\/wp-json\/wp\/v2\/media\/2906"}],"wp:attachment":[{"href":"https:\/\/voliainaenquadernacio.cat\/es\/wp-json\/wp\/v2\/media?parent=2528"}],"wp:term":[{"taxonomy":"product_brand","embeddable":true,"href":"https:\/\/voliainaenquadernacio.cat\/es\/wp-json\/wp\/v2\/product_brand?post=2528"},{"taxonomy":"product_cat","embeddable":true,"href":"https:\/\/voliainaenquadernacio.cat\/es\/wp-json\/wp\/v2\/product_cat?post=2528"},{"taxonomy":"product_tag","embeddable":true,"href":"https:\/\/voliainaenquadernacio.cat\/es\/wp-json\/wp\/v2\/product_tag?post=2528"}],"curies":[{"name":"wp","href":"https:\/\/api.w.org\/{rel}","templated":true}]}}