{"id":941,"date":"2025-05-30T15:12:35","date_gmt":"2025-05-30T14:12:35","guid":{"rendered":"https:\/\/voliainaenquadernacio.cat\/product\/llibreta-a5-41\/"},"modified":"2026-04-07T09:30:14","modified_gmt":"2026-04-07T08:30:14","slug":"llibreta-a5-41","status":"publish","type":"product","link":"https:\/\/voliainaenquadernacio.cat\/es\/product\/llibreta-a5-41\/","title":{"rendered":"Llibreta A5 &#8211; Herbes de la ratafia de la Sobirana"},"content":{"rendered":"<p>Libreta encuadernada a mano de manera artesanal (encuadernaci\u00f3n bradel).<br \/>\nTapa dura forrada con papel artesanal de hierbas de la rataf\u00eda de la Cooperativa La Sobirana, hecho con los restos de papel sobrante del proyecto.<br \/>\nInterior con papel de 100 g elaborado con el 100 % de fibras recicladas, sin blanquear.<br \/>\n160 p\u00e1ginas \u2013 tama\u00f1o A5 (14,8 x 21 cm aprox.).<br \/>\nCierre con goma y bolsillo final en el interior.<\/p>","protected":false},"excerpt":{"rendered":"<p>Este papel lo he elaborado con el acompa\u00f1amiento de Sastres Paperers, en el Mol\u00ed de la Farga (Banyoles).<br \/>\nDependiendo del recorte de papel que haya podido utilizar, el estampado puede variar de posici\u00f3n.<br \/>\nEl color del papel puede variar ligeramente debido a la calidad y la luz de la fotograf\u00eda.<\/p>","protected":false},"featured_media":1132,"comment_status":"open","ping_status":"closed","template":"","meta":[],"product_brand":[],"product_cat":[45],"product_tag":[],"class_list":{"0":"post-941","1":"product","2":"type-product","3":"status-publish","4":"has-post-thumbnail","6":"product_cat-llibretes-grans-bosc","8":"first","9":"instock","10":"shipping-taxable","11":"purchasable","12":"product-type-simple"},"yoast_head":"<!-- This site is optimized with the Yoast SEO plugin v27.3 - https:\/\/yoast.com\/product\/yoast-seo-wordpress\/ -->\n<title>Llibreta A5 - Herbes de la ratafia de la Sobirana -<\/title>\n<meta name=\"robots\" content=\"index, follow, max-snippet:-1, max-image-preview:large, max-video-preview:-1\" \/>\n<link rel=\"canonical\" href=\"https:\/\/voliainaenquadernacio.cat\/es\/product\/llibreta-a5-41\/\" \/>\n<meta property=\"og:locale\" content=\"es_ES\" \/>\n<meta property=\"og:type\" content=\"article\" \/>\n<meta property=\"og:title\" content=\"Llibreta A5 - Herbes de la ratafia de la Sobirana -\" \/>\n<meta property=\"og:description\" content=\"Aquest paper l\u2019he elaborat amb l\u2019acompanyament de Sastres Paperers, al Mol\u00ed de la Farga (Banyoles). Dep\u00e8n del retall de paper que hagi pogut utilitzar, l&#039;estampat pot variar de posici\u00f3. El color del paper pot variar lleugerament degut a la qualitat i la llum de la fotografia.\" \/>\n<meta property=\"og:url\" content=\"https:\/\/voliainaenquadernacio.cat\/es\/product\/llibreta-a5-41\/\" \/>\n<meta property=\"article:modified_time\" content=\"2026-04-07T08:30:14+00:00\" \/>\n<meta property=\"og:image\" content=\"https:\/\/voliainaenquadernacio.cat\/wp-content\/uploads\/2025\/05\/PORTADA-6-scaled.jpg\" \/>\n\t<meta property=\"og:image:width\" content=\"1920\" \/>\n\t<meta property=\"og:image:height\" content=\"2560\" \/>\n\t<meta property=\"og:image:type\" content=\"image\/jpeg\" \/>\n<meta name=\"twitter:card\" content=\"summary_large_image\" \/>\n<meta name=\"twitter:label1\" content=\"Tiempo de lectura\" \/>\n\t<meta name=\"twitter:data1\" content=\"1 minuto\" \/>\n<script type=\"application\/ld+json\" class=\"yoast-schema-graph\">{\"@context\":\"https:\\\/\\\/schema.org\",\"@graph\":[{\"@type\":\"WebPage\",\"@id\":\"https:\\\/\\\/voliainaenquadernacio.cat\\\/product\\\/llibreta-a5-41\\\/\",\"url\":\"https:\\\/\\\/voliainaenquadernacio.cat\\\/product\\\/llibreta-a5-41\\\/\",\"name\":\"Llibreta A5 - Herbes de la ratafia de la Sobirana -\",\"isPartOf\":{\"@id\":\"https:\\\/\\\/voliainaenquadernacio.cat\\\/#website\"},\"primaryImageOfPage\":{\"@id\":\"https:\\\/\\\/voliainaenquadernacio.cat\\\/product\\\/llibreta-a5-41\\\/#primaryimage\"},\"image\":{\"@id\":\"https:\\\/\\\/voliainaenquadernacio.cat\\\/product\\\/llibreta-a5-41\\\/#primaryimage\"},\"thumbnailUrl\":\"https:\\\/\\\/voliainaenquadernacio.cat\\\/wp-content\\\/uploads\\\/2025\\\/05\\\/PORTADA-6-scaled.jpg\",\"datePublished\":\"2025-05-30T14:12:35+00:00\",\"dateModified\":\"2026-04-07T08:30:14+00:00\",\"breadcrumb\":{\"@id\":\"https:\\\/\\\/voliainaenquadernacio.cat\\\/product\\\/llibreta-a5-41\\\/#breadcrumb\"},\"inLanguage\":\"es\",\"potentialAction\":[{\"@type\":\"ReadAction\",\"target\":[\"https:\\\/\\\/voliainaenquadernacio.cat\\\/product\\\/llibreta-a5-41\\\/\"]}]},{\"@type\":\"ImageObject\",\"inLanguage\":\"es\",\"@id\":\"https:\\\/\\\/voliainaenquadernacio.cat\\\/product\\\/llibreta-a5-41\\\/#primaryimage\",\"url\":\"https:\\\/\\\/voliainaenquadernacio.cat\\\/wp-content\\\/uploads\\\/2025\\\/05\\\/PORTADA-6-scaled.jpg\",\"contentUrl\":\"https:\\\/\\\/voliainaenquadernacio.cat\\\/wp-content\\\/uploads\\\/2025\\\/05\\\/PORTADA-6-scaled.jpg\",\"width\":1920,\"height\":2560},{\"@type\":\"BreadcrumbList\",\"@id\":\"https:\\\/\\\/voliainaenquadernacio.cat\\\/product\\\/llibreta-a5-41\\\/#breadcrumb\",\"itemListElement\":[{\"@type\":\"ListItem\",\"position\":1,\"name\":\"Home\",\"item\":\"https:\\\/\\\/voliainaenquadernacio.cat\\\/\"},{\"@type\":\"ListItem\",\"position\":2,\"name\":\"Botiga\",\"item\":\"https:\\\/\\\/voliainaenquadernacio.cat\\\/shop\\\/\"},{\"@type\":\"ListItem\",\"position\":3,\"name\":\"Llibreta A5 &#8211; Herbes de la ratafia de la Sobirana\"}]},{\"@type\":\"WebSite\",\"@id\":\"https:\\\/\\\/voliainaenquadernacio.cat\\\/#website\",\"url\":\"https:\\\/\\\/voliainaenquadernacio.cat\\\/\",\"name\":\"Voliaina Enquadernaci\u00f3\",\"description\":\"\",\"publisher\":{\"@id\":\"https:\\\/\\\/voliainaenquadernacio.cat\\\/#\\\/schema\\\/person\\\/c4539800a75d881095d1d216e74fc347\"},\"potentialAction\":[{\"@type\":\"SearchAction\",\"target\":{\"@type\":\"EntryPoint\",\"urlTemplate\":\"https:\\\/\\\/voliainaenquadernacio.cat\\\/?s={search_term_string}\"},\"query-input\":{\"@type\":\"PropertyValueSpecification\",\"valueRequired\":true,\"valueName\":\"search_term_string\"}}],\"inLanguage\":\"es\"},{\"@type\":[\"Person\",\"Organization\"],\"@id\":\"https:\\\/\\\/voliainaenquadernacio.cat\\\/#\\\/schema\\\/person\\\/c4539800a75d881095d1d216e74fc347\",\"name\":\"Irene\",\"image\":{\"@type\":\"ImageObject\",\"inLanguage\":\"es\",\"@id\":\"https:\\\/\\\/voliainaenquadernacio.cat\\\/wp-content\\\/uploads\\\/2025\\\/04\\\/VOLIAINA_Logo_Horitzontal_SenseFons_Negre.png\",\"url\":\"https:\\\/\\\/voliainaenquadernacio.cat\\\/wp-content\\\/uploads\\\/2025\\\/04\\\/VOLIAINA_Logo_Horitzontal_SenseFons_Negre.png\",\"contentUrl\":\"https:\\\/\\\/voliainaenquadernacio.cat\\\/wp-content\\\/uploads\\\/2025\\\/04\\\/VOLIAINA_Logo_Horitzontal_SenseFons_Negre.png\",\"width\":2327,\"height\":1049,\"caption\":\"Irene\"},\"logo\":{\"@id\":\"https:\\\/\\\/voliainaenquadernacio.cat\\\/wp-content\\\/uploads\\\/2025\\\/04\\\/VOLIAINA_Logo_Horitzontal_SenseFons_Negre.png\"}}]}<\/script>\n<!-- \/ Yoast SEO plugin. -->","yoast_head_json":{"title":"Llibreta A5 - Herbes de la ratafia de la Sobirana -","robots":{"index":"index","follow":"follow","max-snippet":"max-snippet:-1","max-image-preview":"max-image-preview:large","max-video-preview":"max-video-preview:-1"},"canonical":"https:\/\/voliainaenquadernacio.cat\/es\/product\/llibreta-a5-41\/","og_locale":"es_ES","og_type":"article","og_title":"Llibreta A5 - Herbes de la ratafia de la Sobirana -","og_description":"Aquest paper l\u2019he elaborat amb l\u2019acompanyament de Sastres Paperers, al Mol\u00ed de la Farga (Banyoles). Dep\u00e8n del retall de paper que hagi pogut utilitzar, l'estampat pot variar de posici\u00f3. El color del paper pot variar lleugerament degut a la qualitat i la llum de la fotografia.","og_url":"https:\/\/voliainaenquadernacio.cat\/es\/product\/llibreta-a5-41\/","article_modified_time":"2026-04-07T08:30:14+00:00","og_image":[{"width":1920,"height":2560,"url":"https:\/\/voliainaenquadernacio.cat\/wp-content\/uploads\/2025\/05\/PORTADA-6-scaled.jpg","type":"image\/jpeg"}],"twitter_card":"summary_large_image","twitter_misc":{"Tiempo de lectura":"1 minuto"},"schema":{"@context":"https:\/\/schema.org","@graph":[{"@type":"WebPage","@id":"https:\/\/voliainaenquadernacio.cat\/product\/llibreta-a5-41\/","url":"https:\/\/voliainaenquadernacio.cat\/product\/llibreta-a5-41\/","name":"Llibreta A5 - Herbes de la ratafia de la Sobirana -","isPartOf":{"@id":"https:\/\/voliainaenquadernacio.cat\/#website"},"primaryImageOfPage":{"@id":"https:\/\/voliainaenquadernacio.cat\/product\/llibreta-a5-41\/#primaryimage"},"image":{"@id":"https:\/\/voliainaenquadernacio.cat\/product\/llibreta-a5-41\/#primaryimage"},"thumbnailUrl":"https:\/\/voliainaenquadernacio.cat\/wp-content\/uploads\/2025\/05\/PORTADA-6-scaled.jpg","datePublished":"2025-05-30T14:12:35+00:00","dateModified":"2026-04-07T08:30:14+00:00","breadcrumb":{"@id":"https:\/\/voliainaenquadernacio.cat\/product\/llibreta-a5-41\/#breadcrumb"},"inLanguage":"es","potentialAction":[{"@type":"ReadAction","target":["https:\/\/voliainaenquadernacio.cat\/product\/llibreta-a5-41\/"]}]},{"@type":"ImageObject","inLanguage":"es","@id":"https:\/\/voliainaenquadernacio.cat\/product\/llibreta-a5-41\/#primaryimage","url":"https:\/\/voliainaenquadernacio.cat\/wp-content\/uploads\/2025\/05\/PORTADA-6-scaled.jpg","contentUrl":"https:\/\/voliainaenquadernacio.cat\/wp-content\/uploads\/2025\/05\/PORTADA-6-scaled.jpg","width":1920,"height":2560},{"@type":"BreadcrumbList","@id":"https:\/\/voliainaenquadernacio.cat\/product\/llibreta-a5-41\/#breadcrumb","itemListElement":[{"@type":"ListItem","position":1,"name":"Home","item":"https:\/\/voliainaenquadernacio.cat\/"},{"@type":"ListItem","position":2,"name":"Botiga","item":"https:\/\/voliainaenquadernacio.cat\/shop\/"},{"@type":"ListItem","position":3,"name":"Llibreta A5 &#8211; Herbes de la ratafia de la Sobirana"}]},{"@type":"WebSite","@id":"https:\/\/voliainaenquadernacio.cat\/#website","url":"https:\/\/voliainaenquadernacio.cat\/","name":"Voliaina Enquadernaci\u00f3","description":"","publisher":{"@id":"https:\/\/voliainaenquadernacio.cat\/#\/schema\/person\/c4539800a75d881095d1d216e74fc347"},"potentialAction":[{"@type":"SearchAction","target":{"@type":"EntryPoint","urlTemplate":"https:\/\/voliainaenquadernacio.cat\/?s={search_term_string}"},"query-input":{"@type":"PropertyValueSpecification","valueRequired":true,"valueName":"search_term_string"}}],"inLanguage":"es"},{"@type":["Person","Organization"],"@id":"https:\/\/voliainaenquadernacio.cat\/#\/schema\/person\/c4539800a75d881095d1d216e74fc347","name":"Irene","image":{"@type":"ImageObject","inLanguage":"es","@id":"https:\/\/voliainaenquadernacio.cat\/wp-content\/uploads\/2025\/04\/VOLIAINA_Logo_Horitzontal_SenseFons_Negre.png","url":"https:\/\/voliainaenquadernacio.cat\/wp-content\/uploads\/2025\/04\/VOLIAINA_Logo_Horitzontal_SenseFons_Negre.png","contentUrl":"https:\/\/voliainaenquadernacio.cat\/wp-content\/uploads\/2025\/04\/VOLIAINA_Logo_Horitzontal_SenseFons_Negre.png","width":2327,"height":1049,"caption":"Irene"},"logo":{"@id":"https:\/\/voliainaenquadernacio.cat\/wp-content\/uploads\/2025\/04\/VOLIAINA_Logo_Horitzontal_SenseFons_Negre.png"}}]}},"_links":{"self":[{"href":"https:\/\/voliainaenquadernacio.cat\/es\/wp-json\/wp\/v2\/product\/941","targetHints":{"allow":["GET"]}}],"collection":[{"href":"https:\/\/voliainaenquadernacio.cat\/es\/wp-json\/wp\/v2\/product"}],"about":[{"href":"https:\/\/voliainaenquadernacio.cat\/es\/wp-json\/wp\/v2\/types\/product"}],"replies":[{"embeddable":true,"href":"https:\/\/voliainaenquadernacio.cat\/es\/wp-json\/wp\/v2\/comments?post=941"}],"wp:featuredmedia":[{"embeddable":true,"href":"https:\/\/voliainaenquadernacio.cat\/es\/wp-json\/wp\/v2\/media\/1132"}],"wp:attachment":[{"href":"https:\/\/voliainaenquadernacio.cat\/es\/wp-json\/wp\/v2\/media?parent=941"}],"wp:term":[{"taxonomy":"product_brand","embeddable":true,"href":"https:\/\/voliainaenquadernacio.cat\/es\/wp-json\/wp\/v2\/product_brand?post=941"},{"taxonomy":"product_cat","embeddable":true,"href":"https:\/\/voliainaenquadernacio.cat\/es\/wp-json\/wp\/v2\/product_cat?post=941"},{"taxonomy":"product_tag","embeddable":true,"href":"https:\/\/voliainaenquadernacio.cat\/es\/wp-json\/wp\/v2\/product_tag?post=941"}],"curies":[{"name":"wp","href":"https:\/\/api.w.org\/{rel}","templated":true}]}}